{"id":2136,"date":"2013-10-30T19:22:32","date_gmt":"2013-10-30T18:22:32","guid":{"rendered":"http:\/\/lucedellapace.it\/w\/?page_id=2136"},"modified":"2024-11-13T18:11:21","modified_gmt":"2024-11-13T17:11:21","slug":"edizione-2013","status":"publish","type":"page","link":"https:\/\/lucedellapace.it\/w\/edizioni-passate\/edizione-2013\/","title":{"rendered":"Edizione 2013"},"content":{"rendered":"<table border=\"0\">\n<tbody>\n<tr>\n<td>\n<h3><strong>Diciottesima Edizione<\/strong><\/h3>\n<\/td>\n<td>In questa sezione:\n<!-- Page-list plugin v.5.9 wordpress.org\/plugins\/page-list\/ -->\n<ul class=\"page-list subpages-page-list \">\n<li class=\"page_item page-item-2261\"><a href=\"https:\/\/lucedellapace.it\/w\/edizioni-passate\/edizione-2013\/adesione-2013\/\">Adesione 2013<\/a><\/li>\n<li class=\"page_item page-item-2182 page_item_has_children\"><a href=\"https:\/\/lucedellapace.it\/w\/edizioni-passate\/edizione-2013\/orari-dei-treni-2013\/\">Orari dei Treni 2013<\/a>\n<ul class='children'>\n\t<li class=\"page_item page-item-2198\"><a href=\"https:\/\/lucedellapace.it\/w\/edizioni-passate\/edizione-2013\/orari-dei-treni-2013\/ts-lecce-2013\/\">TS-Lecce 2013<\/a><\/li>\n\t<li class=\"page_item page-item-2202 page_item_has_children\"><a href=\"https:\/\/lucedellapace.it\/w\/edizioni-passate\/edizione-2013\/orari-dei-treni-2013\/ts-sicilia-2013\/\">TS-Palermo 2013<\/a>\n\t<ul class='children'>\n\t\t<li class=\"page_item page-item-2213\"><a href=\"https:\/\/lucedellapace.it\/w\/edizioni-passate\/edizione-2013\/orari-dei-treni-2013\/ts-sicilia-2013\/toscana-2013\/\">Toscana 2013<\/a><\/li>\n\t<\/ul>\n<\/li>\n\t<li class=\"page_item page-item-2181 page_item_has_children\"><a href=\"https:\/\/lucedellapace.it\/w\/edizioni-passate\/edizione-2013\/orari-dei-treni-2013\/ts-ve-to-genova-2013\/\">TS-VE-TO-Genova 2013<\/a>\n\t<ul class='children'>\n\t\t<li class=\"page_item page-item-2214\"><a href=\"https:\/\/lucedellapace.it\/w\/edizioni-passate\/edizione-2013\/orari-dei-treni-2013\/ts-ve-to-genova-2013\/verona-bolzano-2013\/\">Verona-Bolzano 2013<\/a><\/li>\n\t\t<li class=\"page_item page-item-2289\"><a href=\"https:\/\/lucedellapace.it\/w\/edizioni-passate\/edizione-2013\/orari-dei-treni-2013\/ts-ve-to-genova-2013\/pavia-voghera-2013\/\">Pavia &#8211; Voghera 2013<\/a><\/li>\n\t<\/ul>\n<\/li>\n\t<li class=\"page_item page-item-2206\"><a href=\"https:\/\/lucedellapace.it\/w\/edizioni-passate\/edizione-2013\/orari-dei-treni-2013\/p-torres-sassari-cagliari-2013\/\">P.Torres Sassari Cagliari 2013<\/a><\/li>\n<\/ul>\n<\/li>\n<li class=\"page_item page-item-2117\"><a href=\"https:\/\/lucedellapace.it\/w\/edizioni-passate\/edizione-2013\/equipaggi-2013\/\">Equipaggi 2013<\/a><\/li>\n\n<\/ul><\/td>\n<\/tr>\n<\/tbody>\n<\/table>\n<pre><span class=\"Apple-style-span\" style=\"font-family: georgia, times, serif; font-size: 14px; line-height: 22px; white-space: normal;\">Anche quest\u2019anno, nonostante le difficolt\u00e0 economiche e grazie al contributo generoso di alcune associazioni e privati\u00a0 la \"<\/span><strong style=\"font-family: georgia, times, serif; font-size: 14px; line-height: 22px; white-space: normal;\">Luce<\/strong><span class=\"Apple-style-span\" style=\"font-family: georgia, times, serif; font-size: 14px; line-height: 22px; white-space: normal;\">\" far\u00e0 il suo ormai tradizionale percorso attraverso le stazioni d\u2019Italia anche se in forma un po\u2019 ridotta.<\/span><\/pre>\n<h3 style=\"text-decoration: none;\"><span style=\"color: #000000;\"><span style=\"text-decoration: none;\">La distribuzione inizier\u00e0 SABATO 14 DICEMBRE 2013<\/span><\/span> sulle direttrici:<\/h3>\n<ul>\n<li>TRIESTE \u2013 MILANO &#8211; TORINO &#8211; GENOVA<\/li>\n<li>TRIESTE \u2013 ROMA &#8211; PALERMO<strong><br \/>\n<\/strong><\/li>\n<li>TRIESTE &#8211; GENOVA &#8211;\u00a0PORTO TORRES<strong><\/strong> <strong><\/strong>&#8211; SASSARI &#8211; CAGLIARI<\/li>\n<li>TRIESTE &#8211; LECCE<\/li>\n<li>Giro TOSCANA (organizzazione locale)<\/li>\n<li>VERONA &#8211; BOLZANO\/BOZEN (organizzazione locale)<\/li>\n<li>alcune altre tratte nella sezione &#8220;<strong>Orari dei Treni<\/strong>&#8220;.<\/li>\n<\/ul>\n<h3>Organizzazione<\/h3>\n<p>Ad ogni fermata sar\u00e0 consegnata la fiamma accesa ai gruppi presenti.<br \/>\nIndividuare il vagone dove stiamo viaggiando \u00e8 difficile, da parte nostra metteremo sulla porta e sul primo\u00a0 finestrino un cartello. Sar\u00e0 opportuno distribuirsi su buona parte del binario in modo d\u2019essere presenti su quasi tutta la lunghezza del convoglio.<br \/>\nSul sito, assieme agli orari, alcuni giorni prima della distribuzione saranno pubblicati i recapiti telefonici degli equipaggi. E&#8217; consigliabile contattarli DOPO la partenza del treno sulla tratta su cui si trova la vostra stazione per informazioni sulla loro posizione nel convoglio. Il tempo di sosta in stazione \u00e8 infatti generalmente molto ridotto: dai 60 secondi ai 4 minuti.<br \/>\nE&#8217; possibile inoltre seguire la posizione dei treni in tempo reale prendendo nota del numero del treno sul sito<br \/>\n<a href=\"http:\/\/lucedellapace.it\">http:\/\/lucedellapace.it<\/a> e inserendolo sul sito ViaggiaTreno <a href=\"http:\/\/www.viaggiatreno.it\">http:\/\/www.viaggiatreno.it.<\/a><\/p>\n<p>Sicurezza: Chi\u00a0\u00e8 nelle condizioni di poterlo fare, eviti a tutti i costi l&#8217;accalcarsi dei ragazzi o delle persone sulle banchine in modo da evitare situazioni potenzialmente pericolose.<\/p>\n<h3>Adesioni<\/h3>\n<p>Ogni gruppo presente in stazione deve iscriversi direttamente dal nostro <a href=\"http:\/\/lucedellapace.it\/\">sito<\/a> <strong>entro il 9 dicembre<\/strong>.<br \/>\nUtile sar\u00e0 leggere attentamente la sezione <a href=\"?page_id=26\">&#8220;<\/a><a href=\"?page_id=26\">distribuzione&#8221;<\/a> di questo sito per ulteriori informazioni.<\/p>\n<p>E&#8217; necessario che la <a title=\"Adesione 2013\" href=\"http:\/\/lucedellapace.it\/w\/edizione-2013\/adesione-2013\"><strong>scheda di adesione<\/strong><\/a> venga <strong>compilata ogni anno<\/strong> in modo da avere un&#8217;idea precisa dei numeri in gioco.<\/p>\n<h3>Trasporto<\/h3>\n<p>Per il trasporto della Luce usate esclusivamente lampade o candele schermate: candele non schermate si spengono immdiatamente al passaggio ad esempio di un treno e possono &#8220;accendere&#8221; chi vi \u00e8 accanto.<\/p>\n<h3>Giornalino<\/h3>\n<p>Troverete il giornalini sul nostro sito in formato PDF qualche giorno prima della distribuzione. Il giornalino riporta le testimonianze delle vostre attivit\u00e0 inerenti alla \u201cluce\u201d dell\u2019anno precedente. Vi invitiamo pertanto a spedirci numerosi, relazioni e fotografie entro e non oltre il 30 giugno dell\u2019anno seguente. Allo scopo di garantire una veste tipografica di buona qualit\u00e0 di detto giornalino, abbiamo bisogno che anche la vostra documentazione sia della medesima qualit\u00e0. Pertanto chiediamo la vostra collaborazione affinch\u00e9 le vostre relazioni siano scritte in maniera chiara, come pure le vostre foto. L\u2019invio pu\u00f2 essere fatto attraverso la posta o via e-mail, vanno benissimo i cd o i floppy, ma non con il fax perch\u00e9 la riproduzione risulta brutta e talvolta illeggibile. E\u2019 opportuno che le foto siano corredate da un commento o da una riflessione.<\/p>\n<p>Un depliant sintetico illustrativo verr\u00e0 distribuito nelle stazioni ad ogni gruppo partecipante. Il numero di copie, uguale per ogni gruppo, dipende dalle risorse economiche disponibili.<\/p>\n<h3>Generi di conforto<\/h3>\n<p>Sono ben accetti generi di conforto, senza esagerare nelle quantit\u00e0 (l&#8217;equipaggio \u00e8 composto da massimo sei persone per treno).<\/p>\n<h3>Accoglienza finale<\/h3>\n<p>Nelle citt\u00e0 dove ci fermeremo: <strong>Genova, Lecce, Cagliari, Palermo <\/strong>vi chiediamo ospitalit\u00e0 per il pernottamento. Inoltre \u00e8 nostro desiderio, oltre a partecipare alle vostre cerimonie, fare conoscenza ed amicizia con voi, capi e gruppi di tutte le associazioni scout presenti in ambito locale. La fiammella che vi offriamo \u00e8 un\u2019occasione per un incontro fraterno e per un confronto rispettoso delle nostre diversit\u00e0.<\/p>\n","protected":false},"excerpt":{"rendered":"<p>Diciottesima Edizione In questa sezione: Anche quest\u2019anno, nonostante le difficolt\u00e0 economiche e grazie al contributo generoso di alcune associazioni e privati\u00a0 la &#8220;Luce&#8221; far\u00e0 il suo ormai tradizionale percorso attraverso [&hellip;]<\/p>\n","protected":false},"author":1,"featured_media":0,"parent":112,"menu_order":12,"comment_status":"closed","ping_status":"closed","template":"","meta":{"footnotes":""},"class_list":["post-2136","page","type-page","status-publish","hentry"],"_links":{"self":[{"href":"https:\/\/lucedellapace.it\/w\/wp-json\/wp\/v2\/pages\/2136","targetHints":{"allow":["GET"]}}],"collection":[{"href":"https:\/\/lucedellapace.it\/w\/wp-json\/wp\/v2\/pages"}],"about":[{"href":"https:\/\/lucedellapace.it\/w\/wp-json\/wp\/v2\/types\/page"}],"author":[{"embeddable":true,"href":"https:\/\/lucedellapace.it\/w\/wp-json\/wp\/v2\/users\/1"}],"replies":[{"embeddable":true,"href":"https:\/\/lucedellapace.it\/w\/wp-json\/wp\/v2\/comments?post=2136"}],"version-history":[{"count":13,"href":"https:\/\/lucedellapace.it\/w\/wp-json\/wp\/v2\/pages\/2136\/revisions"}],"predecessor-version":[{"id":2144,"href":"https:\/\/lucedellapace.it\/w\/wp-json\/wp\/v2\/pages\/2136\/revisions\/2144"}],"up":[{"embeddable":true,"href":"https:\/\/lucedellapace.it\/w\/wp-json\/wp\/v2\/pages\/112"}],"wp:attachment":[{"href":"https:\/\/lucedellapace.it\/w\/wp-json\/wp\/v2\/media?parent=2136"}],"curies":[{"name":"wp","href":"https:\/\/api.w.org\/{rel}","templated":true}]}}