{"id":23,"date":"2006-11-04T03:42:40","date_gmt":"2006-11-04T02:42:40","guid":{"rendered":""},"modified":"2024-11-13T17:58:02","modified_gmt":"2024-11-13T16:58:02","slug":"di-cosa-si-tratta","status":"publish","type":"page","link":"https:\/\/lucedellapace.it\/w\/di-cosa-si-tratta\/","title":{"rendered":"Di cosa si tratta"},"content":{"rendered":"<h3>Cos&#8217;\u00e8 la Luce della Pace<\/h3>\n<h3><\/h3>\n<p><a href=\"http:\/\/lucedellapace.it\/w\/di-cosa-si-tratta\/nativita\" rel=\"attachment wp-att-224\"><img loading=\"lazy\" decoding=\"async\" class=\"size-full wp-image-224 alignright\" title=\"Grotta della Nativita\" src=\"http:\/\/lucedellapace.it\/w\/wp-content\/uploads\/2010\/10\/nativita.jpg\" alt=\"Grotta della Nativita\" width=\"300\" height=\"216\" srcset=\"https:\/\/lucedellapace.it\/w\/wp-content\/uploads\/2010\/10\/nativita.jpg 300w, https:\/\/lucedellapace.it\/w\/wp-content\/uploads\/2010\/10\/nativita-150x108.jpg 150w, https:\/\/lucedellapace.it\/w\/wp-content\/uploads\/2010\/10\/nativita-148x107.jpg 148w, https:\/\/lucedellapace.it\/w\/wp-content\/uploads\/2010\/10\/nativita-31x22.jpg 31w, https:\/\/lucedellapace.it\/w\/wp-content\/uploads\/2010\/10\/nativita-38x27.jpg 38w, https:\/\/lucedellapace.it\/w\/wp-content\/uploads\/2010\/10\/nativita-299x215.jpg 299w, https:\/\/lucedellapace.it\/w\/wp-content\/uploads\/2010\/10\/nativita-36x26.jpg 36w\" sizes=\"auto, (max-width: 300px) 100vw, 300px\" \/><\/a>Nella Chiesa della Nativit\u00e0 a Betlemme vi \u00e8 una lampada ad olio che arde perennemente da moltissimi secoli, alimentata dall&#8217;olio donato a turno da tutte le Nazioni cristiane della Terra.<\/p>\n<p>A Dicembre ogni anno\u00a0da quella fiamma ne vengono accese altre e \u00a0vengono diffuse su tutto il pianeta come simbolo di pace e fratellanza fra i popoli.<\/p>\n<p>Continua a leggere&#8230; \u00a0<a href=\"?page_id=24\">come nasce<\/a><\/p>\n\n<!-- Page-list plugin v.5.9 wordpress.org\/plugins\/page-list\/ -->\n<ul class=\"page-list subpages-page-list \">\n<li class=\"page_item page-item-24\"><a href=\"https:\/\/lucedellapace.it\/w\/di-cosa-si-tratta\/come-nasce\/\">Come nasce<\/a><\/li>\n<li class=\"page_item page-item-25\"><a href=\"https:\/\/lucedellapace.it\/w\/di-cosa-si-tratta\/la-luce-in-italia\/\">La Luce in Italia<\/a><\/li>\n<li class=\"page_item page-item-26\"><a href=\"https:\/\/lucedellapace.it\/w\/di-cosa-si-tratta\/la-distribuzione\/\">La distribuzione<\/a><\/li>\n<li class=\"page_item page-item-3384\"><a href=\"https:\/\/lucedellapace.it\/w\/di-cosa-si-tratta\/costruttori-di-pace\/\">Costruttori di Pace<\/a><\/li>\n<li class=\"page_item page-item-3744 page_item_has_children\"><a href=\"https:\/\/lucedellapace.it\/w\/di-cosa-si-tratta\/scorse-edizioni\/\">Scorse Edizioni<\/a>\n<ul class='children'>\n\t<li class=\"page_item page-item-6247\"><a href=\"https:\/\/lucedellapace.it\/w\/di-cosa-si-tratta\/scorse-edizioni\/cartoline-degli-anni-passati\/\">Cartoline degli anni passati<\/a><\/li>\n\t<li class=\"page_item page-item-2781\"><a href=\"https:\/\/lucedellapace.it\/w\/di-cosa-si-tratta\/scorse-edizioni\/grafico-gruppi-iscritti\/\">Grafico Gruppi Iscritti Annualmente<\/a><\/li>\n<\/ul>\n<\/li>\n\n<\/ul>\n<h3 style=\"text-align: center;\">La Luce della Pace da Betlemme<em><br \/>\nper l&#8217;Italia \u00e8 un&#8217;iniziativa del<\/em><\/h3>\n<h3 style=\"text-align: center;\"><a href=\"?page_id=486\" target=\"_self\" rel=\"noopener\">&#8220;Comitato Luce della Pace da Betlemme&#8221;<\/a><\/h3>\n<p style=\"text-align: center;\"><em>sostenuto da\u00a0<\/em><\/p>\n<h3 style=\"text-align: center;\"><span style=\"color: #666699;\"><strong>AGESCI &#8211; AMIS &#8211; FSE &#8211; MASCI<\/strong><\/span><\/h3>\n<p style=\"text-align: center;\"><em>in collaborazione con le<\/em><\/p>\n<h4 style=\"text-align: center;\">Associazioni Scout Triestine \/ Tr\u017ea\u0161ke Skavtske Organizacije<\/h4>\n<p style=\"text-align: center;\">Frohe Weihnachten! Vesel\u00e9 V\u00e1noce! Buon Natale! Sretan Bo\u017ei\u0107! Joyeux No\u00ebl! B\u00e9k\u00e9s Kar\u00e1csony \u00dcnnepeket Kiv\u00e1nunk! My Zyczymy Wam Spokienych Swiatbozego Narodzenia! Glaedelig Jul! God Jul! Vesel\u00e9 Vianoce! Vesel Bo\u017ei\u0107! Blagoslovljen Bo\u017ei\u010d! S Novym Gdom! Merry Christmas!<\/p>\n<p><iframe loading=\"lazy\" title=\"Da Betlemme a Vienna\" width=\"810\" height=\"456\" src=\"https:\/\/www.youtube.com\/embed\/videoseries?list=PLsYdPkcLPLlrk7VlwKMOF-c8YyJlT0jme\" frameborder=\"0\" allow=\"accelerometer; autoplay; clipboard-write; encrypted-media; gyroscope; picture-in-picture; web-share\" referrerpolicy=\"strict-origin-when-cross-origin\" allowfullscreen><\/iframe><\/p>\n","protected":false},"excerpt":{"rendered":"<p>Cos&#8217;\u00e8 la Luce della Pace Nella Chiesa della Nativit\u00e0 a Betlemme vi \u00e8 una lampada ad olio che arde perennemente da moltissimi secoli, alimentata dall&#8217;olio donato a turno da tutte [&hellip;]<\/p>\n","protected":false},"author":1,"featured_media":0,"parent":0,"menu_order":8,"comment_status":"closed","ping_status":"closed","template":"","meta":{"footnotes":""},"class_list":["post-23","page","type-page","status-publish","hentry"],"_links":{"self":[{"href":"https:\/\/lucedellapace.it\/w\/wp-json\/wp\/v2\/pages\/23","targetHints":{"allow":["GET"]}}],"collection":[{"href":"https:\/\/lucedellapace.it\/w\/wp-json\/wp\/v2\/pages"}],"about":[{"href":"https:\/\/lucedellapace.it\/w\/wp-json\/wp\/v2\/types\/page"}],"author":[{"embeddable":true,"href":"https:\/\/lucedellapace.it\/w\/wp-json\/wp\/v2\/users\/1"}],"replies":[{"embeddable":true,"href":"https:\/\/lucedellapace.it\/w\/wp-json\/wp\/v2\/comments?post=23"}],"version-history":[{"count":81,"href":"https:\/\/lucedellapace.it\/w\/wp-json\/wp\/v2\/pages\/23\/revisions"}],"predecessor-version":[{"id":7325,"href":"https:\/\/lucedellapace.it\/w\/wp-json\/wp\/v2\/pages\/23\/revisions\/7325"}],"wp:attachment":[{"href":"https:\/\/lucedellapace.it\/w\/wp-json\/wp\/v2\/media?parent=23"}],"curies":[{"name":"wp","href":"https:\/\/api.w.org\/{rel}","templated":true}]}}