{"id":26,"date":"2006-11-04T03:46:04","date_gmt":"2006-11-04T02:46:04","guid":{"rendered":""},"modified":"2024-11-13T17:53:30","modified_gmt":"2024-11-13T16:53:30","slug":"la-distribuzione","status":"publish","type":"page","link":"https:\/\/lucedellapace.it\/w\/di-cosa-si-tratta\/la-distribuzione\/","title":{"rendered":"La distribuzione"},"content":{"rendered":"<p>Da Trieste la distribuzione inizia prima localmente e poi verso Gruppi scout di Genova &#8211; Milano &#8211; Venezia\/Mestre.<\/p>\n<p>Nel 1996 avviene la prima distribuzione a livello nazionale della Luce della Pace da Betlemme, in maniera simile a quanto avviene in Austria, utilizzando il mezzo ferroviario per una staffetta di stazione in stazione su due linee: Trieste-Genova e Trieste-Napoli.<br \/>\nLa Luce in quell&#8217;anno tocca oltre 100.000 persone, 5000 scout, 48 citt\u00e0 e paesi.<\/p>\n<p>Nel 1997 le linee ferroviarie aumentano, da Napoli si arriva fino a Salerno, si scende poi gi\u00f9 lungo la linea Adriatica fino a Lecce, la linea per Genova rimane invariata. Sono coinvolti 108 gruppi scout e ben 102 citt\u00e0 tra grandi e piccole. Gi\u00e0 da alcuni anni le comunit\u00e0 Masci, affiancandosi alle associazioni giovanili partecipano all\u2019iniziativa e dal 2000 la Comunit\u00e0 Masci di Trieste si inserisce tra i promotori dell\u2019iniziativa.<\/p>\n<p>Nel 2001 due dei suoi membri, Liliana e Raffaele, subentrano nella segreteria organizzativa, compito svolto fino ad allora con impegno per tanti anni da Fabiano Mazzarella scout dell\u2019AMIS. Nello stesso anno la \u201cluce\u201d giunge in Sardegna dopo un viaggio avventuroso dovuto al cattivo stato del mare.<\/p>\n<p>Nel 2002 si raggiunge Torino (allungando nel 2003 fino ad Aosta).<\/p>\n<p>Nel 2006 da Livorno si arriva fino a Grosseto. Pertanto fino al 2007 ci sono cinque linee: Trieste \u2013 Roma \u2013 Palermo; Trieste \u2013 Lecce; Trieste \u2013 Grosseto; Trieste \u2013 Civitavecchia \u2013 Cagliari &#8211; Sassari; Trieste \u2013 Torino &#8211; Aosta.<\/p>\n<figure id=\"attachment_3250\" aria-describedby=\"caption-attachment-3250\" style=\"width: 400px\" class=\"wp-caption alignleft\"><a href=\"http:\/\/lucedellapace.it\/w\/wp-content\/uploads\/2006\/11\/Sezione_ASSORAIDER_Messina-2007.jpg\"><img loading=\"lazy\" decoding=\"async\" class=\"size-medium wp-image-3250\" src=\"http:\/\/lucedellapace.it\/w\/wp-content\/uploads\/2006\/11\/Sezione_ASSORAIDER_Messina-2007-400x317.jpg\" alt=\"ASSORAIDER Messina 2007\" width=\"400\" height=\"317\" srcset=\"https:\/\/lucedellapace.it\/w\/wp-content\/uploads\/2006\/11\/Sezione_ASSORAIDER_Messina-2007-400x317.jpg 400w, https:\/\/lucedellapace.it\/w\/wp-content\/uploads\/2006\/11\/Sezione_ASSORAIDER_Messina-2007-600x475.jpg 600w, https:\/\/lucedellapace.it\/w\/wp-content\/uploads\/2006\/11\/Sezione_ASSORAIDER_Messina-2007-150x119.jpg 150w, https:\/\/lucedellapace.it\/w\/wp-content\/uploads\/2006\/11\/Sezione_ASSORAIDER_Messina-2007-36x28.jpg 36w, https:\/\/lucedellapace.it\/w\/wp-content\/uploads\/2006\/11\/Sezione_ASSORAIDER_Messina-2007-90x71.jpg 90w, https:\/\/lucedellapace.it\/w\/wp-content\/uploads\/2006\/11\/Sezione_ASSORAIDER_Messina-2007-300x237.jpg 300w, https:\/\/lucedellapace.it\/w\/wp-content\/uploads\/2006\/11\/Sezione_ASSORAIDER_Messina-2007-768x608.jpg 768w, https:\/\/lucedellapace.it\/w\/wp-content\/uploads\/2006\/11\/Sezione_ASSORAIDER_Messina-2007-148x117.jpg 148w, https:\/\/lucedellapace.it\/w\/wp-content\/uploads\/2006\/11\/Sezione_ASSORAIDER_Messina-2007-31x25.jpg 31w, https:\/\/lucedellapace.it\/w\/wp-content\/uploads\/2006\/11\/Sezione_ASSORAIDER_Messina-2007-38x30.jpg 38w, https:\/\/lucedellapace.it\/w\/wp-content\/uploads\/2006\/11\/Sezione_ASSORAIDER_Messina-2007-272x215.jpg 272w, https:\/\/lucedellapace.it\/w\/wp-content\/uploads\/2006\/11\/Sezione_ASSORAIDER_Messina-2007.jpg 859w\" sizes=\"auto, (max-width: 400px) 100vw, 400px\" \/><\/a><figcaption id=\"caption-attachment-3250\" class=\"wp-caption-text\">ASSORAIDER Messina 2007<\/figcaption><\/figure>\n<p>Nel 2008 e 2009 per motivi economici siamo costretti a fare la distribuzione solo su tre diretrici:TS -Lecce; TS &#8211; Siracusa; TS &#8211; MI &#8211; TO &#8211; Genova.<\/p>\n<p>Negli anni successivi abbiamo comunque raggiunto la Liguria la Puglia, la Sicilia e la Sardegna<\/p>\n<p>Ogni equipaggio\u00a0\u00e8 composto fino a\u00a0sei scout provenienti da Associazioni scout triestine e successivamente anche da quelle delle stazioni terminali. Associazioni diverse in adempimento allo spirito di fratellanza proprio dello scoutismo e che si sposa idealmente con l\u2019iniziativa della fratellanza e della pace della \u00a0\u201cLuce\u201d.<\/p>\n<p>Vi invitiamo pertanto ad accogliere numerosi la fiammella e farvi a vostra volta portatori di \u201cLuce\u201d diffondendola a quanta pi\u00f9 gente possibile. Prima di tutto tra i fratelli scout. Talvolta ci preoccupiamo del nostro prossimo pi\u00f9 lontano e diverso, e non ci accorgiamo che anche tra noi scout ci sono delle diversit\u00e0 che accettiamo forse con fatica.<\/p>\n<p>Pertanto\u00a0vi invitiamo, se nelle vostre localit\u00e0 esistono altre Associazioni Scout, di contattarle e approfittare di questa occasione per fare la loro conoscenza.<\/p>\n<p>Riteniamo questo invito particolarmente importante poich\u00e9 per noi l\u2019esperienza della \u201cLuce\u201d \u00e8 stata ed \u00e8 un\u2019occasione per sviluppare la collaborazione tra tutti gli scout. Pensiamo che la pace debba essere uno stile di vita che comincia prima da noi stessi. Inoltre \u00e8 un fatto di coerenza che gli scout appartenenti a tutte le sigle mettano in pratica la fratellanza tra di loro prima di pensare di diffonderla agli altri.<\/p>\n<figure id=\"attachment_3753\" aria-describedby=\"caption-attachment-3753\" style=\"width: 400px\" class=\"wp-caption alignright\"><img loading=\"lazy\" decoding=\"async\" class=\"size-medium wp-image-3753\" src=\"http:\/\/lucedellapace.it\/w\/wp-content\/uploads\/2016\/11\/SDC16310-400x300.jpg\" alt=\"Firenze Rifredi 2011: Partenza equipaggi Toscana\" width=\"400\" height=\"300\" srcset=\"https:\/\/lucedellapace.it\/w\/wp-content\/uploads\/2016\/11\/SDC16310-400x300.jpg 400w, https:\/\/lucedellapace.it\/w\/wp-content\/uploads\/2016\/11\/SDC16310-600x450.jpg 600w, https:\/\/lucedellapace.it\/w\/wp-content\/uploads\/2016\/11\/SDC16310-150x113.jpg 150w, https:\/\/lucedellapace.it\/w\/wp-content\/uploads\/2016\/11\/SDC16310-768x576.jpg 768w, https:\/\/lucedellapace.it\/w\/wp-content\/uploads\/2016\/11\/SDC16310-1024x768.jpg 1024w, https:\/\/lucedellapace.it\/w\/wp-content\/uploads\/2016\/11\/SDC16310-360x270.jpg 360w, https:\/\/lucedellapace.it\/w\/wp-content\/uploads\/2016\/11\/SDC16310-80x60.jpg 80w\" sizes=\"auto, (max-width: 400px) 100vw, 400px\" \/><figcaption id=\"caption-attachment-3753\" class=\"wp-caption-text\">Firenze Rifredi 2011: Partenza equipaggi Toscana<\/figcaption><\/figure>\n<p>La luce della Pace va diffusa a pi\u00f9 gente possibile: ricchi e poveri, colti e ignoranti, bianchi e neri, religiosi ed atei,\u2026.. La Pace \u00e8 patrimonio di tutti e la Luce deve andare a tutti.<\/p>\n<p>Si vorrebbe che la Luce della Pace da Betlemme arrivasse in special modo nei luoghi di sofferenza, ai gruppi di emarginati, a coloro che non vedono Speranza e futuro nelle vita. L&#8217;occasione della distribuzione pu\u00f2 essere occasione di Buone Azioni: fare compagnia a chi \u00e8 solo, visitare gli ammalati, dar da mangiare a chi ha fame,\u2026 anche il carcere \u00e8 un posto dove la Pace va portata!<\/p>\n<p>Continua a leggere&#8230; \u00a0<a href=\"http:\/\/lucedellapace.it\/w\/di-cosa-si-tratta\/costruttori-di-pace\">costruttori di pace<\/a><\/p>\n","protected":false},"excerpt":{"rendered":"<p>Da Trieste la distribuzione inizia prima localmente e poi verso Gruppi scout di Genova &#8211; Milano &#8211; Venezia\/Mestre. Nel 1996 avviene la prima distribuzione a livello nazionale della Luce della [&hellip;]<\/p>\n","protected":false},"author":1,"featured_media":0,"parent":23,"menu_order":2,"comment_status":"closed","ping_status":"open","template":"","meta":{"footnotes":""},"class_list":["post-26","page","type-page","status-publish","hentry"],"_links":{"self":[{"href":"https:\/\/lucedellapace.it\/w\/wp-json\/wp\/v2\/pages\/26","targetHints":{"allow":["GET"]}}],"collection":[{"href":"https:\/\/lucedellapace.it\/w\/wp-json\/wp\/v2\/pages"}],"about":[{"href":"https:\/\/lucedellapace.it\/w\/wp-json\/wp\/v2\/types\/page"}],"author":[{"embeddable":true,"href":"https:\/\/lucedellapace.it\/w\/wp-json\/wp\/v2\/users\/1"}],"replies":[{"embeddable":true,"href":"https:\/\/lucedellapace.it\/w\/wp-json\/wp\/v2\/comments?post=26"}],"version-history":[{"count":24,"href":"https:\/\/lucedellapace.it\/w\/wp-json\/wp\/v2\/pages\/26\/revisions"}],"predecessor-version":[{"id":6808,"href":"https:\/\/lucedellapace.it\/w\/wp-json\/wp\/v2\/pages\/26\/revisions\/6808"}],"up":[{"embeddable":true,"href":"https:\/\/lucedellapace.it\/w\/wp-json\/wp\/v2\/pages\/23"}],"wp:attachment":[{"href":"https:\/\/lucedellapace.it\/w\/wp-json\/wp\/v2\/media?parent=26"}],"curies":[{"name":"wp","href":"https:\/\/api.w.org\/{rel}","templated":true}]}}