{"id":2649,"date":"2014-10-21T22:52:52","date_gmt":"2014-10-21T20:52:52","guid":{"rendered":"http:\/\/lucedellapace.it\/w\/?page_id=2649"},"modified":"2024-11-13T17:55:59","modified_gmt":"2024-11-13T16:55:59","slug":"equipaggi-2014","status":"publish","type":"page","link":"https:\/\/lucedellapace.it\/w\/edizioni-passate\/edizione-2014-2\/equipaggi-2014\/","title":{"rendered":"Equipaggi 2014"},"content":{"rendered":"<h2><strong>Equipaggi (<span style=\"color: #ff0000;\">EQUIPAGGI AL COMPLETO<\/span>)<\/strong><\/h2>\n<table border=\"0\">\n<tbody>\n<tr>\n<td>La distribuzione della Luce \u00e8 nata per volont\u00e0 dell&#8217;interassociativo scout Triestino, negli ultimi anni per\u00f2 la mancanza di disponibilit\u00e0 da parte degli scouts e rovers locali, ci ha fatto estendere la richiesta di servizio ai rovers fuori Trieste di tutta l&#8217;Italia che ringraziamo vivamente per l&#8217;entusiasmo e la disponibilit\u00e0 al servizio. Prima di aprire le iscrizioni a tutti gli scouts italiani, si \u00e8 deciso di riservare uno spazio temporale (due settimane: dal 25\/10 al 8\/11) utile all&#8217;iscrizione degli scouts della nostra Regione.<\/td>\n<\/tr>\n<\/tbody>\n<\/table>\n<p>L&#8217;equipaggio \u00e8 formato dagli &#8220;ambasciatori di pace&#8221;.<br \/>\nFormazione degli equipaggi (i dati vengono aggiornati giornalmente):<\/p>\n<table style=\"width: 600px; height: 228px;\" border=\"0\" cellspacing=\"0\" cellpadding=\"0\">\n<tbody>\n<tr>\n<td style=\"border: 1px solid #000000;\"><strong>Percorso<\/strong><\/td>\n<td style=\"border: 1px solid #000000;\"><strong>Capo equipaggio<\/strong><br \/>\nofferti (richiesti)<\/td>\n<td style=\"border: 1px solid #000000;\"><strong>Componenti FVG<\/strong><br \/>\nofferti (richiesti)<\/td>\n<td style=\"border: 1px solid #000000;\"><strong>Componenti di altre regioni<\/strong><br \/>\nofferti (richiesti)<\/td>\n<td style=\"text-align: center; border: 1px solid #000000;\">\u00a0Stato<\/td>\n<td><\/td>\n<\/tr>\n<tr>\n<td style=\"text-align: left; border: 1px solid #000000;\">TS-Genova<\/td>\n<td style=\"text-align: center; border: 1px solid #000000;\">1\u00a0(0)<\/td>\n<td style=\"text-align: center; border: 1px solid #000000;\">3\u00a0(o)<\/td>\n<td style=\"text-align: center; border: 1px solid #000000;\">0\u00a0(0)<\/td>\n<td style=\"text-align: center; border: 1px solid #000000;\">non disponibile<\/td>\n<td><\/td>\n<\/tr>\n<tr>\n<td style=\"text-align: left; border: 1px solid #000000;\">TS-Lecce<\/td>\n<td style=\"text-align: center; border: 1px solid #000000;\">1\u00a0(0)<\/td>\n<td style=\"text-align: center; border: 1px solid #000000;\">3\u00a0(0)<\/td>\n<td style=\"text-align: center; border: 1px solid #000000;\">0 (0)<\/td>\n<td style=\"text-align: center; border: 1px solid #000000;\">non disponibile<\/td>\n<td><\/td>\n<\/tr>\n<tr>\n<td style=\"text-align: left; border: 1px solid #000000;\">TS-Sicilia<\/td>\n<td style=\"text-align: center; border: 1px solid #000000;\">1\u00a0(0)<\/td>\n<td style=\"border-color: #000000; border-s\u00a0tyle: solid; border-width: 1px; text-align: center;\">3\u00a0(0)<\/td>\n<td style=\"text-align: center; border: 1px solid #000000;\">0 (0)<\/td>\n<td style=\"text-align: center; border: 1px solid #000000;\">non disponibile<\/td>\n<td><\/td>\n<\/tr>\n<tr>\n<td style=\"text-align: left; border: 1px solid #000000;\">TS-Sardegna<\/td>\n<td style=\"text-align: center; border: 1px solid #000000;\">0 (1)<\/td>\n<td style=\"text-align: center; border: 1px solid #000000;\">0 (0)<\/td>\n<td style=\"text-align: center; border: 1px solid #000000;\">Cagliari-Sassari<br \/>\n0 (2+)<\/td>\n<td style=\"text-align: center; border: 1px solid #000000;\">Non disponibile<\/td>\n<td><\/td>\n<\/tr>\n<\/tbody>\n<\/table>\n<p>Eccezionalmente \u00e8 stato possibile ammettere in equipaggio un Rover\/Scolta minorenne solo se accompagnato\/a dal suo capo clan\/compagnia\/fuoco.<\/p>\n<p>I componenti da altre regioni sono ospitati a Trieste almeno dal giorno prima della partenza.<\/p>\n Equipaggio all&#8217;opera\n<p>Vista la necessit\u00e0 di addestrare (anche se solo per mezz&#8217;ora) tutti i membri dell&#8217;equipaggio, vengono evitate le staffette &#8220;volanti&#8221;.<\/p>\n<p>Il viaggio con la luce \u00e8 normalmente a carico del Comitato e finanziato dalle offerte degli aderenti all&#8217;iniziativa.<\/p>\n<p><strong>A causa delle ristrettezze economiche che incombono sull&#8217;iniziativa, chiediamo a chi arriva da fuori provincia di autofinanziarsi il viaggio fino a Trieste.<\/strong><\/p>\n<p>La composizione degli equipaggi viene decisa dal Comitato al pi\u00f9 presto e comunque almeno una settimana prima della distribuzione, nel rispetto delle disponibilit\u00e0 date dai candidati e cercando di accontentarne le preferenze espresse.<\/p>\n<p><strong>Chiediamo a chi si candida da Trieste di tenersi libero pomeriggio e sera del venerd\u00ec immediatamente precedente e la sera di quello immediatamente successivo<\/strong>\u00a0alla distribuzione per partecipare all&#8217;incontro preliminare e alla cena di verifica.<\/p>\n<p><strong>Chiediamo a chi si candida da altre regioni di arrivare a Trieste al massimo nel primo pomeriggio del venerdi immediatamente precedente <\/strong>alla distribuzione per partecipare all&#8217;incontro preliminare e per vedere Trieste con la luce del sole. Se volete arrivare anche qualche giorno prima potete contattarci: verrete accolti con piacere.<\/p>\n<p>R\/S maggiorenni: avvisate della vostra partecipazione il vostro capo compagnia\/clan. Gli manderemo anche qualche info sull&#8217;iniziativa.<\/p>\n<p>Le richieste vanno compilate al seguente indirizzo: <a title=\"Diventa ambasciatore di Pace\" href=\"http:\/\/lucedellapace.it\/forms\/equip.php\" target=\"_blank\" rel=\"noopener\">iscrizione equipaggi<\/a><\/p>\n","protected":false},"excerpt":{"rendered":"<p>Equipaggi (EQUIPAGGI AL COMPLETO) La distribuzione della Luce \u00e8 nata per volont\u00e0 dell&#8217;interassociativo scout Triestino, negli ultimi anni per\u00f2 la mancanza di disponibilit\u00e0 da parte degli scouts e rovers locali, [&hellip;]<\/p>\n","protected":false},"author":1,"featured_media":0,"parent":2615,"menu_order":3,"comment_status":"closed","ping_status":"open","template":"","meta":{"footnotes":""},"class_list":["post-2649","page","type-page","status-publish","hentry"],"_links":{"self":[{"href":"https:\/\/lucedellapace.it\/w\/wp-json\/wp\/v2\/pages\/2649","targetHints":{"allow":["GET"]}}],"collection":[{"href":"https:\/\/lucedellapace.it\/w\/wp-json\/wp\/v2\/pages"}],"about":[{"href":"https:\/\/lucedellapace.it\/w\/wp-json\/wp\/v2\/types\/page"}],"author":[{"embeddable":true,"href":"https:\/\/lucedellapace.it\/w\/wp-json\/wp\/v2\/users\/1"}],"replies":[{"embeddable":true,"href":"https:\/\/lucedellapace.it\/w\/wp-json\/wp\/v2\/comments?post=2649"}],"version-history":[{"count":13,"href":"https:\/\/lucedellapace.it\/w\/wp-json\/wp\/v2\/pages\/2649\/revisions"}],"predecessor-version":[{"id":5557,"href":"https:\/\/lucedellapace.it\/w\/wp-json\/wp\/v2\/pages\/2649\/revisions\/5557"}],"up":[{"embeddable":true,"href":"https:\/\/lucedellapace.it\/w\/wp-json\/wp\/v2\/pages\/2615"}],"wp:attachment":[{"href":"https:\/\/lucedellapace.it\/w\/wp-json\/wp\/v2\/media?parent=2649"}],"curies":[{"name":"wp","href":"https:\/\/api.w.org\/{rel}","templated":true}]}}