{"id":2855,"date":"2015-09-30T01:08:59","date_gmt":"2015-09-29T23:08:59","guid":{"rendered":"http:\/\/lucedellapace.it\/w\/?page_id=2855"},"modified":"2024-11-13T18:11:17","modified_gmt":"2024-11-13T17:11:17","slug":"edizione-2015","status":"publish","type":"page","link":"https:\/\/lucedellapace.it\/w\/edizioni-passate\/edizione-2015\/","title":{"rendered":"Edizione 2015"},"content":{"rendered":"<h4>Ventesima Edizione<\/h4>\n<blockquote><p>Semina la pace e poi vedrai&#8230;<\/p><\/blockquote>\n<h6>In questa sezione:\n<!-- Page-list plugin v.5.9 wordpress.org\/plugins\/page-list\/ -->\n<ul class=\"page-list subpages-page-list \">\n<li class=\"page_item page-item-2844\"><a href=\"https:\/\/lucedellapace.it\/w\/edizioni-passate\/edizione-2015\/adesione-2015\/\">Adesione 2015<\/a><\/li>\n<li class=\"page_item page-item-2845\"><a href=\"https:\/\/lucedellapace.it\/w\/edizioni-passate\/edizione-2015\/dove-2015\/\">Dove 2015<\/a><\/li>\n<li class=\"page_item page-item-2848 page_item_has_children\"><a href=\"https:\/\/lucedellapace.it\/w\/edizioni-passate\/edizione-2015\/orari-dei-treni-2015\/\">Orari dei Treni 2015<\/a>\n<ul class='children'>\n\t<li class=\"page_item page-item-2849 page_item_has_children\"><a href=\"https:\/\/lucedellapace.it\/w\/edizioni-passate\/edizione-2015\/orari-dei-treni-2015\/ts-pa-2015\/\">Trieste-Palermo 2015<\/a>\n\t<ul class='children'>\n\t\t<li class=\"page_item page-item-2846 page_item_has_children\"><a href=\"https:\/\/lucedellapace.it\/w\/edizioni-passate\/edizione-2015\/orari-dei-treni-2015\/ts-pa-2015\/bo-lecce-2015\/\">Bologna-Lecce 2015<\/a>\n\t\t<ul class='children'>\n\t\t\t<li class=\"page_item page-item-3157\"><a href=\"https:\/\/lucedellapace.it\/w\/edizioni-passate\/edizione-2015\/orari-dei-treni-2015\/ts-pa-2015\/bo-lecce-2015\/bologna-ravenna-2015\/\">Bologna-Ravenna 2015<\/a><\/li>\n\t\t<\/ul>\n<\/li>\n\t\t<li class=\"page_item page-item-2850\"><a href=\"https:\/\/lucedellapace.it\/w\/edizioni-passate\/edizione-2015\/orari-dei-treni-2015\/ts-pa-2015\/toscana-2015\/\">Toscana 2015<\/a><\/li>\n\t\t<li class=\"page_item page-item-2847\"><a href=\"https:\/\/lucedellapace.it\/w\/edizioni-passate\/edizione-2015\/orari-dei-treni-2015\/ts-pa-2015\/messina-siracusa-2015\/\">Messina-Siracusa 2015<\/a><\/li>\n\t<\/ul>\n<\/li>\n\t<li class=\"page_item page-item-2851 page_item_has_children\"><a href=\"https:\/\/lucedellapace.it\/w\/edizioni-passate\/edizione-2015\/orari-dei-treni-2015\/ts-ve-to-ge-ventimiglia-2015\/\">TS-VE-TO-GE-Ventimiglia 2015<\/a>\n\t<ul class='children'>\n\t\t<li class=\"page_item page-item-2852\"><a href=\"https:\/\/lucedellapace.it\/w\/edizioni-passate\/edizione-2015\/orari-dei-treni-2015\/ts-ve-to-ge-ventimiglia-2015\/verona-bolzano-2015\/\">Verona-Bolzano 2015<\/a><\/li>\n\t\t<li class=\"page_item page-item-2854\"><a href=\"https:\/\/lucedellapace.it\/w\/edizioni-passate\/edizione-2015\/orari-dei-treni-2015\/ts-ve-to-ge-ventimiglia-2015\/sassari-cagliari-2015\/\">Sassari-Cagliari 2015<\/a><\/li>\n\t<\/ul>\n<\/li>\n<\/ul>\n<\/li>\n<li class=\"page_item page-item-2853\"><a href=\"https:\/\/lucedellapace.it\/w\/edizioni-passate\/edizione-2015\/equipaggi-2015\/\">Equipaggi 2015<\/a><\/li>\n\n<\/ul><\/h6>\n<h3 style=\"text-decoration: none;\"><span style=\"text-decoration: none;\">La dis<\/span><span style=\"text-decoration: none;\">tribuzione ini<\/span><span style=\"text-decoration: none;\">zier\u00e0<\/span> <span style=\"color: #000000;\">sabato 19\u00a0dicembre<\/span> sulle direttrici:<\/h3>\n<ul class=\"children\">\n<li class=\"page_item page-item-2667\"><strong>Trieste &#8211; Lecce<\/strong><\/li>\n<li class=\"page_item page-item-2670\"><strong>Trieste &#8211; Palermo<\/strong><\/li>\n<li class=\"page_item page-item-2675\"><strong>TS-VE-TO-GE-Ventimiglia<\/strong><\/li>\n<li class=\"page_item page-item-2675\"><strong>Giro TOSCANA (organizzazione locale).<\/strong><\/li>\n<li class=\"page_item page-item-2675\"><strong>Messina-Siracusa (organizzazione locale).<\/strong><\/li>\n<li class=\"page_item page-item-2675\"><strong>alcune altre tratte nella sezione &#8220;Orari dei Treni&#8221;.<\/strong><\/li>\n<\/ul>\n<h3>Organizzazione<\/h3>\n<p>Ad ogni fermata sar\u00e0 consegnata la fiamma accesa ai gruppi presenti.<br \/>\nIndividuare il vagone dove stiamo viaggiando \u00e8 difficile, da parte nostra metteremo sulla porta e sul primo\u00a0 finestrino un cartello e sul sito riporteremo il numero della carrozza solo per i treni a prenotazione obbligatoria (per gli altri ci e&#8217; impossibile saperlo prima della partenza del treno). Sar\u00e0 opportuno distribuirsi su buona parte del binario in modo d\u2019essere presenti il pi\u00f9 possibile sulla lunghezza del convoglio.<br \/>\nSul sito, assieme agli orari, alcuni giorni prima della distribuzione saranno pubblicati i recapiti telefonici degli equipaggi. E&#8217; consigliabile contattarli DOPO la partenza del treno sulla tratta su cui si trova la vostra stazione per informazioni sulla loro posizione nel convoglio. Il tempo di sosta in stazione \u00e8 infatti generalmente molto ridotto: dai 60 secondi ai 4 minuti.<br \/>\nE&#8217; possibile inoltre seguire la posizione dei treni in tempo reale prendendo nota del numero del treno sul sito<br \/>\n<a href=\"http:\/\/lucedellapace.it\">http:\/\/lucedellapace.it<\/a> e inserendolo sul sito ViaggiaTreno <a href=\"http:\/\/www.viaggiatreno.it\">http:\/\/www.viaggiatreno.it.<\/a><\/p>\n<p>Sicurezza: Chi\u00a0\u00e8 nelle condizioni di poterlo fare, eviti a tutti i costi l&#8217;accalcarsi dei ragazzi o delle persone sulle banchine in modo da evitare situazioni potenzialmente pericolose.<\/p>\n<h3>Adesioni<\/h3>\n<p>Ogni gruppo presente in stazione deve iscriversi direttamente dal nostro <a href=\"http:\/\/lucedellapace.it\/\">sito<\/a>.<br \/>\nUtile sar\u00e0 leggere attentamente la sezione <a title=\"La distribuzione\" href=\"http:\/\/lucedellapace.it\/w\/di-cosa-si-tratta\/la-distribuzione\">&#8220;distribuzione&#8221;<\/a> di questo sito per ulteriori informazioni.<\/p>\n<p>E&#8217; necessario che la <a title=\"Adesione 2015\" href=\"http:\/\/lucedellapace.it\/w\/edizione-2015\/adesione-2015\"><strong>scheda di adesione<\/strong><\/a> venga <strong>compilata ogni anno<\/strong> in modo da avere un&#8217;idea precisa dei numeri in gioco e riferimenti telefonici e mail aggiornati.<\/p>\n<h3>Trasporto<\/h3>\n<p>Per il trasporto della Luce usate esclusivamente lampade o candele schermate: candele non schermate si spengono immediatamente al passaggio ad esempio di un treno e possono &#8220;accendere&#8221; chi vi \u00e8 accanto.<\/p>\n<h3>Generi di conforto<\/h3>\n<p>Sono ben accetti generi di conforto, senza esagerare nelle quantit\u00e0 (l&#8217;equipaggio \u00e8 composto da massimo quattro persone per treno).<\/p>\n<h3>Accoglienza finale<\/h3>\n<p>Nelle citt\u00e0 dove ci fermeremo: <strong>Genova, Lecce, Palermo\u00a0<\/strong>vi chiediamo ospitalit\u00e0 per il pernottamento. Inoltre \u00e8 nostro desiderio, oltre a partecipare alle vostre cerimonie, fare conoscenza ed amicizia con voi, capi e gruppi di tutte le associazioni scout presenti in ambito locale. La fiammella che vi offriamo \u00e8 un\u2019occasione per un incontro fraterno e per un confronto rispettoso delle nostre diversit\u00e0.<\/p>\n<h3>Giornalino<\/h3>\n<p>Quest&#8217;anno, essendo la<strong> 20.a volta che effettuiamo la distribuzione della Luce della Pace in tutta Italia con le staffette ferroviarie<\/strong> (la prima nel 1996), pubblicheremo una <strong>edizione speciale del giornalino<\/strong> che raccoglier\u00e0 una serie di articoli scritti da Voi, riguardanti soprattutto <span style=\"text-decoration: underline;\">i risultati delle iniziative svolte\u00a0in tutti questi anni nei quali avete accolto e distribuito la Fiammella. U<\/span><span style=\"text-decoration: underline;\">na sorta di verifica, di punto della strada per poter capire cosa \u00e8 stato fatto, per comunicare lo spirito con cui la Luce viene accolta, il sentimento e l&#8217;affezione a questo simbolo, i cambiamenti di atteggiamento e di comportamento delle persone da Voi riscontrati\u00a0nel vostro territorio lungo il\u00a0sentiero della Pace, dell&#8217;Amicizia, della Fratellanza, della Carit\u00e0, della Speranza ed ottenuti per mezzo della Luce della Pace.<\/span><br \/>\nNon sar\u00e0 quindi un giornalino meramente commemorativo, bens\u00ec un compendio di quanto si \u00e8 generato accogliendo e distribuendo la Luce della Pace da Betlemme.<br \/>\nPer questo, a met\u00e0 settembre, abbiamo mandato un messaggio a tutti coloro che si sono iscritti in questi anni alla manifestazione, chiedendo di <strong>inviarci testimonianze, opinioni, impressioni e relazioni, scritte di proprio pugno,\u00a0entro il 31 ottobre 2015, corredati da una o due foto al massimo <\/strong>(inviare i contributi solo tramite e-mail all&#8217;indirizzo giornalinoluce@gmail.com). Non pubblicheremo annunci, ritagli di giornale, mere descrizioni degli eventi correlati alla Luce o notizie gi\u00e0 pubblicate su altri media.<br \/>\nQuesta volta,<strong> il giornalino NON\u00a0sar\u00e0 pubblicato\u00a0su questo sito, n\u00e9 su Facebook, n\u00e9 distribuito alle stazioni<\/strong>. Essendo un numero speciale e con contenuti importanti e preziosi, <strong>sar\u00e0\u00a0stampato e distribuito a chi ne far\u00e0 richiesta, nel numero di copie che desidera, spedendolo direttamente a casa<\/strong>. Siccome, come sapete, non abbiamo molti soldi a disposizione, <span style=\"text-decoration: underline;\">i costi del giornalino e della spedizione saranno a carico di chi lo richieder\u00e0.<\/span><br \/>\nModalit\u00e0 di ordinazione, costi di stampa e spedizione saranno comunicati tramite annunci su Facebook, sul sito e attraverso la mailing list, appena avremo coscienza del materiale ricevuto e delle pagine che comporranno il giornalino, comunque entro il 30 novembre 2015.<\/p>\n<p>In\u00a0questa occasione, invece del solito depliant illustrativo, distribuiremo gratuitamente alle stazioni un numero limitato di <strong>cartoline speciali <\/strong>(non pi\u00f9 di cinque\u00a0per Gruppo regolarmente iscritto)<strong>,<\/strong> disegnate da un noto scrittore e disegnatore scout. Avranno lo scopo di accompagnare il Vostro gesto di distribuzione della Luce della Pace da Betlemme. <strong>Potranno essere distribuite alle persone che accoglieranno la Luce, durante qualunque tipo di iniziativa organizzerete per diffondere la Fiammella<\/strong>. Contribuir\u00e0 sicuramente, in\u00a0modo semplice e immediato, a trasmettere il messaggio di Pace, di Fratellanza e d&#8217;Amore che vogliamo portare\u00a0con questa iniziativa.<br \/>\n<strong>Ci potrete ordinare anche le cartoline, in numero confacente alle Vostre iniziative:<\/strong>\u00a0vi saranno spedite a casa, dietro addebito dei costi di stampa e spedizione. Il modello sar\u00e0 disponibile a breve, visionabile su questo sito; le modalit\u00e0 di ordinazione, costi di stampa e spedizione saranno comunicati tramite annunci su Facebook, sul sito e attraverso la mailing list.<\/p>\n","protected":false},"excerpt":{"rendered":"<p>Ventesima Edizione Semina la pace e poi vedrai&#8230; In questa sezione: La distribuzione inizier\u00e0 sabato 19\u00a0dicembre sulle direttrici: Trieste &#8211; Lecce Trieste &#8211; Palermo TS-VE-TO-GE-Ventimiglia Giro TOSCANA (organizzazione locale). Messina-Siracusa [&hellip;]<\/p>\n","protected":false},"author":1,"featured_media":0,"parent":112,"menu_order":10,"comment_status":"closed","ping_status":"closed","template":"","meta":{"footnotes":""},"class_list":["post-2855","page","type-page","status-publish","hentry"],"_links":{"self":[{"href":"https:\/\/lucedellapace.it\/w\/wp-json\/wp\/v2\/pages\/2855","targetHints":{"allow":["GET"]}}],"collection":[{"href":"https:\/\/lucedellapace.it\/w\/wp-json\/wp\/v2\/pages"}],"about":[{"href":"https:\/\/lucedellapace.it\/w\/wp-json\/wp\/v2\/types\/page"}],"author":[{"embeddable":true,"href":"https:\/\/lucedellapace.it\/w\/wp-json\/wp\/v2\/users\/1"}],"replies":[{"embeddable":true,"href":"https:\/\/lucedellapace.it\/w\/wp-json\/wp\/v2\/comments?post=2855"}],"version-history":[{"count":13,"href":"https:\/\/lucedellapace.it\/w\/wp-json\/wp\/v2\/pages\/2855\/revisions"}],"predecessor-version":[{"id":3262,"href":"https:\/\/lucedellapace.it\/w\/wp-json\/wp\/v2\/pages\/2855\/revisions\/3262"}],"up":[{"embeddable":true,"href":"https:\/\/lucedellapace.it\/w\/wp-json\/wp\/v2\/pages\/112"}],"wp:attachment":[{"href":"https:\/\/lucedellapace.it\/w\/wp-json\/wp\/v2\/media?parent=2855"}],"curies":[{"name":"wp","href":"https:\/\/api.w.org\/{rel}","templated":true}]}}