{"id":3391,"date":"2016-10-04T19:23:16","date_gmt":"2016-10-04T17:23:16","guid":{"rendered":"http:\/\/lucedellapace.it\/w\/?page_id=3391"},"modified":"2024-11-13T17:58:06","modified_gmt":"2024-11-13T16:58:06","slug":"distribuire","status":"publish","type":"page","link":"https:\/\/lucedellapace.it\/w\/distribuire\/","title":{"rendered":"Distribuire"},"content":{"rendered":"<figure id=\"attachment_3801\" aria-describedby=\"caption-attachment-3801\" style=\"width: 400px\" class=\"wp-caption alignright\"><img loading=\"lazy\" decoding=\"async\" class=\"size-medium wp-image-3801\" src=\"http:\/\/lucedellapace.it\/w\/wp-content\/uploads\/2016\/11\/s.dona_.di_.piave2010-400x300.jpg\" alt=\"S. Don\u00e0 di Piave 2010\" width=\"400\" height=\"300\" srcset=\"https:\/\/lucedellapace.it\/w\/wp-content\/uploads\/2016\/11\/s.dona_.di_.piave2010-400x300.jpg 400w, https:\/\/lucedellapace.it\/w\/wp-content\/uploads\/2016\/11\/s.dona_.di_.piave2010-600x450.jpg 600w, https:\/\/lucedellapace.it\/w\/wp-content\/uploads\/2016\/11\/s.dona_.di_.piave2010-150x113.jpg 150w, https:\/\/lucedellapace.it\/w\/wp-content\/uploads\/2016\/11\/s.dona_.di_.piave2010-768x576.jpg 768w, https:\/\/lucedellapace.it\/w\/wp-content\/uploads\/2016\/11\/s.dona_.di_.piave2010-1024x768.jpg 1024w, https:\/\/lucedellapace.it\/w\/wp-content\/uploads\/2016\/11\/s.dona_.di_.piave2010-360x270.jpg 360w, https:\/\/lucedellapace.it\/w\/wp-content\/uploads\/2016\/11\/s.dona_.di_.piave2010-80x60.jpg 80w\" sizes=\"auto, (max-width: 400px) 100vw, 400px\" \/><figcaption id=\"caption-attachment-3801\" class=\"wp-caption-text\">S. Don\u00e0 di Piave 2010<\/figcaption><\/figure>\n<p>E&#8217; possibile contribuire alla diffusione del messaggio di Pace organizzando localmente eventi o staffette, facendo parte degli equipaggi (scout) o della delegazione che va in Austria (scout).<\/p>\n<p>Raccomandiamo di far tesoro dell&#8217;esperienza di chi fa questo tipo di attivit\u00e0 da diversi anni per poter essere pi\u00f9 efficaci e correre meno rischi. Spesso una chiacchierata pu\u00f2 aiutare parecchio. Se non conosci nessuno che abbia esperienza puoi contattarci ai recapiti nella sezione <a href=\"http:\/\/lucedellapace.it\/w\/contatti\" data-wplink-edit=\"true\">contatti<\/a>. Sar\u00e0 nostra cura darti i riferimenti delle persone pi\u00f9 adatte.<\/p>\n<p>Di seguito trovi risorse utili per l&#8217;attivit\u00e0 di distribuzione.<\/p>\n<ul>\n<li><a href=\"https:\/\/lucedellapace.it\/w\/accogliere\/materiale-promozionale\/\">Materiale promozionale<\/a><\/li>\n<\/ul>\n\n<!-- Page-list plugin v.5.9 wordpress.org\/plugins\/page-list\/ -->\n<ul class=\"page-list subpages-page-list \">\n<li class=\"page_item page-item-3659\"><a href=\"https:\/\/lucedellapace.it\/w\/distribuire\/eventi-locali\/\">Eventi Locali<\/a><\/li>\n<li class=\"page_item page-item-114 page_item_has_children\"><a href=\"https:\/\/lucedellapace.it\/w\/distribuire\/risorse\/\">Risorse<\/a>\n<ul class='children'>\n\t<li class=\"page_item page-item-1634 page_item_has_children\"><a href=\"https:\/\/lucedellapace.it\/w\/distribuire\/risorse\/canti\/\">Canti<\/a>\n\t<ul class='children'>\n\t\t<li class=\"page_item page-item-430\"><a href=\"https:\/\/lucedellapace.it\/w\/distribuire\/risorse\/canti\/canzone-della-luce\/\">Luce del mondo sei<\/a><\/li>\n\t\t<li class=\"page_item page-item-1635\"><a href=\"https:\/\/lucedellapace.it\/w\/distribuire\/risorse\/canti\/e-sara-luce\/\">E sar\u00e0 Luce<\/a><\/li>\n\t<\/ul>\n<\/li>\n\t<li class=\"page_item page-item-3974\"><a href=\"https:\/\/lucedellapace.it\/w\/distribuire\/risorse\/pregare\/\">Pregare<\/a><\/li>\n\t<li class=\"page_item page-item-40\"><a href=\"https:\/\/lucedellapace.it\/w\/distribuire\/risorse\/loghi-e-grafica\/\">Loghi e grafica<\/a><\/li>\n\t<li class=\"page_item page-item-39 page_item_has_children\"><a href=\"https:\/\/lucedellapace.it\/w\/distribuire\/risorse\/mailinglist\/\">Mailing List<\/a>\n\t<ul class='children'>\n\t\t<li class=\"page_item page-item-3538 page_item_has_children\"><a href=\"https:\/\/lucedellapace.it\/w\/distribuire\/risorse\/mailinglist\/materiale-promozionale\/\">Materiale Promozionale<\/a>\n\t\t<ul class='children'>\n\t\t\t<li class=\"page_item page-item-7133\"><a href=\"https:\/\/lucedellapace.it\/w\/distribuire\/risorse\/mailinglist\/materiale-promozionale\/cartoline-promozionali-2025\/\">50 Cartoline promozionali 2025<\/a><\/li>\n\t\t\t<li class=\"page_item page-item-6876\"><a href=\"https:\/\/lucedellapace.it\/w\/distribuire\/risorse\/mailinglist\/materiale-promozionale\/10-spillette-o-45cm\/\">10 Spillette \u00d8 4,5cm<\/a><\/li>\n\t\t\t<li class=\"page_item page-item-7201\"><a href=\"https:\/\/lucedellapace.it\/w\/distribuire\/risorse\/mailinglist\/materiale-promozionale\/lanterna-in-vetro-alta-con-logo\/\">Lanterna alta in vetro con logo<\/a><\/li>\n\t\t\t<li class=\"page_item page-item-6882\"><a href=\"https:\/\/lucedellapace.it\/w\/distribuire\/risorse\/mailinglist\/materiale-promozionale\/1-adesivo-in-carta-bianca-o-20-cm\/\">1 Adesivo in carta bianca \u00d8 20 cm<\/a><\/li>\n\t\t\t<li class=\"page_item page-item-6880\"><a href=\"https:\/\/lucedellapace.it\/w\/distribuire\/risorse\/mailinglist\/materiale-promozionale\/10-adesivi-in-carta-o-4-cm\/\">10 Adesivi in carta \u00d8 4 cm<\/a><\/li>\n\t\t\t<li class=\"page_item page-item-6884\"><a href=\"https:\/\/lucedellapace.it\/w\/distribuire\/risorse\/mailinglist\/materiale-promozionale\/10-adesivi-in-pvc-trasparente-o-5-cm\/\">10 Adesivi in PVC trasparente \u00d8 5 cm<\/a><\/li>\n\t\t\t<li class=\"page_item page-item-6886\"><a href=\"https:\/\/lucedellapace.it\/w\/distribuire\/risorse\/mailinglist\/materiale-promozionale\/lampada-ad-olio\/\">Lampada ad olio senza insegne<\/a><\/li>\n\t\t\t<li class=\"page_item page-item-6865\"><a href=\"https:\/\/lucedellapace.it\/w\/distribuire\/risorse\/mailinglist\/materiale-promozionale\/cooperative-a-cui-rivolgersi-per-i-materiali-utili-alla-distribuzione\/\">Cooperative a cui rivolgersi per i materiali utili alla distribuzione<\/a><\/li>\n\t\t<\/ul>\n<\/li>\n\t<\/ul>\n<\/li>\n<\/ul>\n<\/li>\n\n<\/ul>\n","protected":false},"excerpt":{"rendered":"<p>E&#8217; possibile contribuire alla diffusione del messaggio di Pace organizzando localmente eventi o staffette, facendo parte degli equipaggi (scout) o della delegazione che va in Austria (scout). Raccomandiamo di far [&hellip;]<\/p>\n","protected":false},"author":1,"featured_media":0,"parent":0,"menu_order":10,"comment_status":"closed","ping_status":"closed","template":"","meta":{"footnotes":""},"class_list":["post-3391","page","type-page","status-publish","hentry"],"_links":{"self":[{"href":"https:\/\/lucedellapace.it\/w\/wp-json\/wp\/v2\/pages\/3391","targetHints":{"allow":["GET"]}}],"collection":[{"href":"https:\/\/lucedellapace.it\/w\/wp-json\/wp\/v2\/pages"}],"about":[{"href":"https:\/\/lucedellapace.it\/w\/wp-json\/wp\/v2\/types\/page"}],"author":[{"embeddable":true,"href":"https:\/\/lucedellapace.it\/w\/wp-json\/wp\/v2\/users\/1"}],"replies":[{"embeddable":true,"href":"https:\/\/lucedellapace.it\/w\/wp-json\/wp\/v2\/comments?post=3391"}],"version-history":[{"count":12,"href":"https:\/\/lucedellapace.it\/w\/wp-json\/wp\/v2\/pages\/3391\/revisions"}],"predecessor-version":[{"id":5606,"href":"https:\/\/lucedellapace.it\/w\/wp-json\/wp\/v2\/pages\/3391\/revisions\/5606"}],"wp:attachment":[{"href":"https:\/\/lucedellapace.it\/w\/wp-json\/wp\/v2\/media?parent=3391"}],"curies":[{"name":"wp","href":"https:\/\/api.w.org\/{rel}","templated":true}]}}