{"id":430,"date":"2010-10-14T02:25:53","date_gmt":"2010-10-14T00:25:53","guid":{"rendered":"http:\/\/lucedellapace.it\/w\/?page_id=430"},"modified":"2024-11-13T17:54:03","modified_gmt":"2024-11-13T16:54:03","slug":"canzone-della-luce","status":"publish","type":"page","link":"https:\/\/lucedellapace.it\/w\/distribuire\/risorse\/canti\/canzone-della-luce\/","title":{"rendered":"Luce del mondo sei"},"content":{"rendered":"<h2>Luce del mondo sei<\/h2>\n<p><a href=\"\/canzone\/ti_si_ta_luc-luce_del_mondo_sei.mid\">Scarica il file Midi<\/a> [15 Kbytes]<\/p>\n<p><audio src=\"https:\/\/lucedellapace.it\/canzone\/ti_si_ta_luc-luce_del_mondo_sei.mp3\" controls=\"controls\"><\/audio> <a href=\"\/canzone\/ti_si_ta_luc-luce_del_mondo_sei.mp3\">Scarica il file Mp3 solo musica<\/a> [1658 Kbytes]<\/p>\n<p><audio src=\"http:\/\/lucedellapace.it\/canzone\/LuceIT.mp3\" controls=\"controls\"><\/audio> <a href=\"\/canzone\/LuceIT.mp3\">Scarica il file Mp3 con parole in Italiano<\/a> [610 Kbytes]<\/p>\n<p><audio src=\"http:\/\/lucedellapace.it\/canzone\/LuceSLO.mp3\" controls=\"controls\"><\/audio> <a href=\"\/canzone\/LuceSLO.mp3\">Scarica il file Mp3 con parole in Sloveno<\/a> [621 Kbytes]<\/p>\n<pre>SOL                  mi-\r\nLuce del mondo sei, dal ciel  mandata a noi\r\nDO                  RE  SOL\r\nrischiari il giorno tu. Raggio  ami-ico\r\nmi-               DO              RE\r\nrende felici noi, penetra in tutti noi.\r\nSOL                  mi-     DO          RE\r\nTu  sei una stella nel buio, faro nella notte\r\nSOL           mi-   DO                RE\r\nun fuoco che arde, che splende  tutto d'amor\r\n        SOL  SOL7\r\na tutti da calor.\r\nDO               SOL                     SOL7\r\nQuando la notte spegne si, il sol giorno fa\r\nDO                           RE\r\ndopo la pioggia, porta gioia nei cuori\r\n la-            DO       SOL        SOL7\r\noltre la fitta nebbia porta luce chiara\r\nDO        LA7        RE   RE7\r\nla porta sulle nuove strade.<\/pre>\n<h2>Ti si ta lu\u010d<\/h2>\n<pre>SOL                  mi-\r\nTi si ta lu\u010d sveta, biser poslan z neba,\r\nDO               RE  SOL\r\nki razsvetljuje\u0161 dan. \u017darek prijateljski,\r\nmi-               DO              RE\r\nki osre\u010duje\u0161 nas, v notranjost nam prodre\u0161.\r\nSOL                  mi- DO               RE\r\nTi si kot zvezda v temi, svetilnik sredi no\u010di.\r\nSOL               mi-  DO              RE\r\nTi si kot ogenj \u017eare\u010d, ki iz ljubezni gori,\r\n      SOL  SOL7\r\nda je vsem toplo.\r\nDO                    SOL       SOL7\r\nKadar ugasne no\u010d, nam sonce dan pri\u017ege\r\nDO                      RE\r\nin po de\u017eju zopet nam razveseli srce;\r\nla-         DO       SOL        SOL7\r\nskozi gosto meglo nam prina\u0161a svetlo lu\u010d,\r\nDO        LA7        RE   RE7\r\nki nam je za nova pota klju\u010d<\/pre>\n<h2><img loading=\"lazy\" decoding=\"async\" class=\"aligncenter size-full wp-image-225\" title=\"ti_si_ta_luc\" src=\"http:\/\/lucedellapace.it\/w\/wp-content\/uploads\/2010\/10\/ti_si_ta_luc.gif\" alt=\"\" width=\"608\" height=\"740\" \/><\/h2>\n<h2>Peacelight Song<\/h2>\n<p>You are the light of the world sent from above<br \/>\nBrighten our day of friendly beam of light<br \/>\nRejoice with us Become one with us You are a star shinning in the darkness<br \/>\nA beacon in the night A fire burning bright with love, warming all.<br \/>\nThe sun turns night into day<br \/>\nAfter the rain it burns away the mist to bring joy to our hearts<br \/>\nIts light, like the Peacelight of Bethlehem, shows us the way down a new path, the path to Peace.<\/p>\n","protected":false},"excerpt":{"rendered":"<p>Luce del mondo sei Scarica il file Midi [15 Kbytes] Scarica il file Mp3 solo musica [1658 Kbytes] Scarica il file Mp3 con parole in Italiano [610 Kbytes] Scarica il [&hellip;]<\/p>\n","protected":false},"author":1,"featured_media":0,"parent":1634,"menu_order":0,"comment_status":"closed","ping_status":"open","template":"","meta":{"footnotes":""},"class_list":["post-430","page","type-page","status-publish","hentry"],"_links":{"self":[{"href":"https:\/\/lucedellapace.it\/w\/wp-json\/wp\/v2\/pages\/430","targetHints":{"allow":["GET"]}}],"collection":[{"href":"https:\/\/lucedellapace.it\/w\/wp-json\/wp\/v2\/pages"}],"about":[{"href":"https:\/\/lucedellapace.it\/w\/wp-json\/wp\/v2\/types\/page"}],"author":[{"embeddable":true,"href":"https:\/\/lucedellapace.it\/w\/wp-json\/wp\/v2\/users\/1"}],"replies":[{"embeddable":true,"href":"https:\/\/lucedellapace.it\/w\/wp-json\/wp\/v2\/comments?post=430"}],"version-history":[{"count":38,"href":"https:\/\/lucedellapace.it\/w\/wp-json\/wp\/v2\/pages\/430\/revisions"}],"predecessor-version":[{"id":4572,"href":"https:\/\/lucedellapace.it\/w\/wp-json\/wp\/v2\/pages\/430\/revisions\/4572"}],"up":[{"embeddable":true,"href":"https:\/\/lucedellapace.it\/w\/wp-json\/wp\/v2\/pages\/1634"}],"wp:attachment":[{"href":"https:\/\/lucedellapace.it\/w\/wp-json\/wp\/v2\/media?parent=430"}],"curies":[{"name":"wp","href":"https:\/\/api.w.org\/{rel}","templated":true}]}}