{"id":490,"date":"2010-10-21T00:41:22","date_gmt":"2010-10-20T22:41:22","guid":{"rendered":"http:\/\/lucedellapace.it\/w\/?page_id=490"},"modified":"2024-11-13T17:54:12","modified_gmt":"2024-11-13T16:54:12","slug":"statuto","status":"publish","type":"page","link":"https:\/\/lucedellapace.it\/w\/contatti\/comitato\/statuto\/","title":{"rendered":"Statuto"},"content":{"rendered":"<p><!-- p { margin-bottom: 0.08in; } --><span style=\"font-size: large;\"><strong>Comitato Luce della Pace da Betlemme<\/strong><\/span><\/p>\n<p><span style=\"font-size: large;\"><span style=\"text-decoration: underline;\"><strong>STATUTO<\/strong><\/span><\/span><\/p>\n<p>Art. 1<\/p>\n<p>Denominazione &#8211; Sede &#8211; Durata<\/p>\n<ol>\n<li>E\u2019 costituita tra \tle Associazioni e le organizzazioni Scout operanti in Trieste e \tsottoscriventi l\u2019atto costitutivo allegato al presente statuto \tun\u2019organizzazione denominata <em><strong>\u201cComitato Luce della Pace da \tBetlemme\u201d<\/strong><\/em>, (detta di seguito \u201cComitato\u201d), con sede a \tTrieste.<\/li>\n<li>Il Comitato \u00e8 \tcostituito a tempo indeterminato ed opera nel territorio della \tRepubblica Italiana.<\/li>\n<li>L\u2019azione del \tComitato \u00e8 disciplinata dal presente statuto ed opera nei limiti \tdelle leggi statali, regionali nonch\u00e9 dei principi generali \tdell\u2019ordinamento giuridico.<\/li>\n<\/ol>\n<p>Art. 2<\/p>\n<p>Finalit\u00e0<\/p>\n<ol>\n<li>Il Comitato \u00e8 \tcostituito esclusivamente al fine di:<\/li>\n<\/ol>\n<ol>\n<li>\n<ol>\n<li>mettere in atto \t\togni azione utile a diffondere la cultura della Pace, della \t\tFratellanza, dell\u2019Amicizia fra i popoli e della Solidariet\u00e0 \t\tattraverso il simbolo della Luce della Pace da Betlemme, secondo i \t\tprincipi e lo stile tipici dello Scoutismo, indicati dal suo \t\tfondatore Robert Baden Powell;<\/li>\n<li>organizzare, \t\tdirigere ed eseguire la distribuzione della Luce della Pace da \t\tBetlemme nel territorio nazionale.<\/li>\n<\/ol>\n<\/li>\n<li>E\u2019 fatto divieto \tal Comitato di svolgere attivit\u00e0 diverse da quelle sopra elencate.<\/li>\n<li>Il Comitato potr\u00e0 \ttuttavia svolgere attivit\u00e0 direttamente connesse a quelle \tistituzionali, ovvero accessorie in quanto integrative delle stesse, \tnei limiti consentiti dal D.Lgs. 4 dicembre 1997 n.460 e successive \tmodifiche ed integrazioni.<\/li>\n<\/ol>\n<p>Art. 3<\/p>\n<p>Carattere associativo<\/p>\n<ol>\n<li>Il Comitato \u00e8 \torganizzazione estranea ad ogni attivit\u00e0 politico-partitica, senza \tdistinzione di razza, cultura e religione, non ha fini di lucro, \tintende perseguire esclusivamente le finalit\u00e0 di cui all\u2019art. 2 \ted \u00e8 fondato sulla partecipazione attiva dei suoi aderenti, \tprestata volontariamente.<\/li>\n<li>La struttura del \tComitato \u00e8 democratica, basata su principi solidaristici e consente \tl\u2019effettiva partecipazione degli aderenti alla vita ed \tall\u2019attivit\u00e0 dell\u2019organismo.<\/li>\n<li>Gli organismi e le \tassociazioni aderenti al Comitato godono di pari dignit\u00e0 \tindipendentemente dal numero di associati agli stessi.<\/li>\n<li>Nel perseguire le \tproprie finalit\u00e0 il Comitato si avvale dell&#8217;opera personale, \tspontanea e gratuita dei membri. Ne consegue che:<br \/>\ntutte le cariche e gli incarichi operativi previsti dallo Statuto ed attribuiti ai membri sono forniti in modo gratuito; potranno essere rimborsate, secondo i limiti fissati dal Direttivo,<span style=\"color: #ff0000;\"> <\/span>soltanto le spese vive e documentate sostenute dai singoli volontari.<\/li>\n<li>Coincidendo lo \tsvolgimento dell\u2019iniziativa principale del Comitato, di cui al \tcomma 1, punto a) del precedente art. 2, con il termine dell\u2019anno \tsolare, l\u2019anno sociale del sodalizio decorre dal 1\u00b0 marzo \tall\u2019ultimo giorno di febbraio di ogni anno.<\/li>\n<\/ol>\n<p>Art. 4<\/p>\n<p>Aderenti<\/p>\n<p><span style=\"font-size: small;\">1.\tAl Comitato possono aderire esclusivamente:<\/span><\/p>\n<ol>\n<li>\n<ol>\n<li>gli organismi \t\tterritoriali rappresentativi delle Associazioni Scout che hanno una \t\tstrutturazione a livello nazionale e\/o regionale e che hanno Gruppi \t\to Unit\u00e0 attivi in Trieste o Provincia;<\/li>\n<li>le Associazioni \t\tscout costituite con strutturazione di livello locale che hanno \t\tGruppi o Unit\u00e0 attivi in Trieste o provincia<span style=\"color: #ffffff;\">.<\/span> che condividendo le finalit\u00e0 del Comitato intendono contribuire al \t\traggiungimento delle stesse (di seguito detti Aderenti).<\/li>\n<\/ol>\n<\/li>\n<\/ol>\n<p>2.\tAll\u2019atto di approvazione del presente statuto sono da considerasi Aderenti le Associazioni firmatarie dell\u2019Atto Costitutivo del Comitato.<\/p>\n<p>3.\tLa condizione di Aderente implica il dovere di versamento, entro i tempi previsti,  della quota di adesione decisa annualmente dall\u2019Assemblea degli Aderenti.<\/p>\n<p>4.\tL\u2019ammissione di ulteriori Associazioni od Organismi che corrispondano alle caratteristiche previste dal presente statuto viene decisa all\u2019unanimit\u00e0 da parte dell\u2019Assemblea degli Aderenti. L\u2019eventuale provvedimento di diniego, esaurientemente motivato, deve essere comunicato per iscritto all\u2019aspirante rifiutato.<\/p>\n<p>Art. 5<\/p>\n<p>Organi del Comitato<\/p>\n<p>Organi del Comitato sono:<\/p>\n<ol>\n<li>l&#8217;Assemblea \tdegli Aderenti ordinaria e straordinaria;<\/li>\n<li>il \tPresidente;<\/li>\n<li>il \tDirettivo.<\/li>\n<\/ol>\n<p>Assemblea degli Aderenti.<\/p>\n<p>\u00c8 composta dai rappresentati legali delle strutture aderenti o da loro delegato. La delega deve essere presentata in forma scritta e deve prevedere esplicitamente l\u2019esercizio dei poteri di voto ed ha durata annuale. La struttura Aderente non pu\u00f2 delegare un altro aderente a rappresentarla in seno all\u2019Assemblea.<\/p>\n<p>Si riunisce annualmente, in forma ordinaria, entro il mese di maggio e in forma straordinaria ogni volta che il Direttivo lo ritiene necessario o su richiesta di almeno 3 Aderenti.<\/p>\n<p>Deve essere convocata dal Presidente in forma scritta, anche in via telematica, almeno 10 gg prima della riunione. La convocazione deve indicare l\u2019o.d.g..<\/p>\n<p><span><span style=\"font-size: small;\">L&#8217;Assemblea ha principalmente le funzioni di:<\/span><\/span><\/p>\n<ol>\n<li>approvare l\u2019attivit\u00e0 svolta nell\u2019anno sociale precedente;<\/li>\n<li>esaminare ed approvare il bilancio consuntivo economico\/finanziario;<\/li>\n<li>fissare la quota associativa annua ed approvare il bilancio \tpreventivo economico\/finanziario;<\/li>\n<li>avanzare proposte atte a perseguire gli scopi del Comitato;<\/li>\n<li>eleggere  il Presidente ed il Direttivo;<\/li>\n<li>deliberare sull\u2019ammissione e sull&#8217;eventuale espulsione di \tAderenti.<\/li>\n<li>deliberare sull\u2019adozione di regolamenti interni di funzionamento \tdel Comitato.<\/li>\n<\/ol>\n<p>a- L\u2019assemblea.<\/p>\n<p>L&#8217;Assemblea, aperta dal Presidente in carica del Comitato, elegger\u00e0 un suo presidente tra gli Aderenti presenti che avr\u00e0 il compito di coordinare i lavori della stessa. Di ogni assemblea verr\u00e0 redatto un verbale che verr\u00e0 conservato agli atti nella sede associativa.<\/p>\n<p>Le delibere vengono prese a maggioranza semplice dei votanti e, in prima convocazione, con la presenza di almeno la met\u00e0 degli Aderenti. In seconda convocazione l&#8217;Assemblea \u00e8 valida con qualsiasi numero di Aderenti presenti.<\/p>\n<p>Per deliberare lo scioglimento del Comitato e la devoluzione del patrimonio occorre il voto favorevole di almeno \u00be (tre quarti) degli Aderenti.<\/p>\n<p>L&#8217;Assemblea straordinaria  pu\u00f2 decidere la modifica dello Statuto del Comitato per la quale \u00e8 richiesto il voto favorevole della maggioranza assoluta degli Aderenti.<\/p>\n<p>b- Il Presidente.<\/p>\n<p>Il presidente rappresenta legalmente il Comitato e compie tutti gli atti giuridici che impegnano lo stesso; in caso di assenza o impedimento \u00e8 sostituito dal Vicepresidente con gli stessi poteri.<\/p>\n<p>Il presidente coordina i lavori delle riunioni del Direttivo, sottoscrive il relativo verbale e ne cura la custodia presso la sede.<\/p>\n<p>Il presidente rimane in carica 3 anni ed \u00e8 rieleggibile. La sua nomina avviene con votazione a scrutinio segreto da parte dell\u2019Assemblea ordinaria degli Aderenti.<\/p>\n<p>c- Il Direttivo.<\/p>\n<p>Il Direttivo rimane in carica 3 anni ed \u00e8 rieleggibile. La sua nomina avviene con votazione a scrutinio segreto da parte dell\u2019Assemblea ordinaria degli Aderenti. \u00c8 costituito da 3 membri pi\u00f9 il Presidente.<\/p>\n<p>Compito prevalente del Direttivo \u00e8 quello di collaborare con il Presidente nella gestione del Comitato. Le sue decisioni vengono prese a maggioranza ed in caso di parit\u00e0 prevale il voto del Presidente. Tra i suoi componenti vengono nominati un vice presidente, un segretario ed un tesoriere.<\/p>\n<p>Il Vice presidente:<\/p>\n<ol>\n<li>Collabora con il \tpresidente nella gestione del Comitato e lo sostituisce con analoghe \tprerogative in caso di sua assenza od impedimento.<\/li>\n<\/ol>\n<p>Il Segretario:<\/p>\n<ol>\n<li>cura la \tverbalizzazione delle riunioni del Direttivo e dell\u2019Assemblea;<\/li>\n<li>provvede alla tenuta \ted all\u2019aggiornamento del registro degli Aderenti;<\/li>\n<li>\u00e8 responsabile \tdella corrispondenza del Comitato.<\/li>\n<\/ol>\n<p>Il Tesoriere:<\/p>\n<ol>\n<li>provvede alla tenuta \tdella contabilit\u00e0, la stesura dei bilanci consuntivo e preventivo,  \tall\u2019assolvimento degli obblighi fiscali ed alla conservazione \tdella documentazione relativa alle entrate ed alle spese e degli \tinventari dei beni del Comitato.<\/li>\n<\/ol>\n<p>Le persone elette nel Direttivo non possono rappresentare le rispettive Associazioni Aderenti di appartenenza nell\u2019ambito dell\u2019assemblea ed in essa non hanno comunque diritto di voto<\/p>\n<p>Art. 6<\/p>\n<p>Patrimonio<\/p>\n<ol>\n<li>Il patrimonio del \tComitato, finalizzato esclusivamente al sostegno di specifiche e \tdocumentate attivit\u00e0 e progetti, \u00e8 formato:<\/li>\n<\/ol>\n<ol>\n<li>\n<ol>\n<li>dalle entrate che \t\tsono costituite come segue:\n<ol type=\"I\">\n<li><span style=\"font-size: small;\">dalle \t\t\tquote sociali annuali ed eventuali contributi volontari degli \t\t\taderenti;<\/span><\/li>\n<li><span style=\"font-size: small;\">da \t\t\tcontributi e liberalit\u00e0 provenienti da Organismi Internazionali, <\/span>dallo Stato, dalle Amministrazioni pubbliche, dagli Enti \t\t\tlocali,  Istituti di credito, Enti in genere ed altre persone \t\t\tfisiche e giuridiche;<\/li>\n<li>da eventuali \t\t\tsovvenzioni, donazioni e lasciti di terzi o di associati, \t\t\taccettate, con beneficio d\u2019inventario, dal Direttivo che \t\t\tdelibera sulla loro utilizzazione, in armonia con le finalit\u00e0 \t\t\tstatutarie;<\/li>\n<li>da eventuali \t\t\tentrate per servizi prestati con convenzioni e con attivit\u00e0 \t\t\tcommerciali o produttive marginali, svolte in maniera \t\t\tassolutamente ausiliaria e sussidiaria, comunque finalizzate al \t\t\tproprio autofinanziamento.<\/li>\n<\/ol>\n<\/li>\n<li>dai beni mobili.<\/li>\n<\/ol>\n<\/li>\n<\/ol>\n<ol>\n<li>Il Comitato non \u00e8 \tautorizzato all\u2019acquisizione diretta ed alla gestione di beni \timmobili o di beni mobili soggetti a registrazione. Pu\u00f2 invece \tutilizzare i beni immobili ed i beni mobili intestati o in uso delle \tAssociazioni aderenti, previa autorizzazione dell\u2019Associazione od \torganizzazione che li possiede.<\/li>\n<li>Tutti i beni mobili \tappartenenti al Comitato sono elencati in apposito inventario, \tdepositato presso la sede sociale e consultabile da tutti gli \tAderenti.<\/li>\n<\/ol>\n<ol>\n<li>Le quote sociali \td\u2019adesione al Comitato, dovute dagli Aderenti per il funzionamento \tdell\u2019organismo stesso, devono essere versate, in unica soluzione, \tentro il 30 luglio di ogni anno. L\u2019importo relativo viene \tstabilito annualmente dall\u2019Assemblea degli Aderenti, su proposta \tdel Direttivo. Fermo quanto stabilito dal successivo art. 11, il \tmancato pagamento della quota sociale entro la data prevista \tcomporta la sospensione dell\u2019Aderente dalle attivit\u00e0 del Comitato \te dai diritti da essa derivanti.<\/li>\n<li>Le quote sociali \tdelle nuove Associazioni scout aderenti sono dovute per tutto l\u2019anno \tin corso, qualunque sia il momento dell\u2019avvenuta iscrizione. \tAll\u2019Aderente dimissionaria o che comunque cessa di far parte del \tComitato non spetta la restituzione, anche parziale, del contributo \tsociale per l\u2019anno sociale in corso.<\/li>\n<li>Durante la vita del \tComitato, gli utili o avanzi di gestione nonch\u00e9 fondi, riserve o \tcapitale non verranno distribuiti, neanche in modo indiretto, agli \tAderenti<\/li>\n<\/ol>\n<p>Art. 7<\/p>\n<p>Bilancio consuntivo e preventivo<\/p>\n<ol>\n<li>I bilanci consuntivo \te preventivo sono redatti dal Tesoriere del Comitato, verificati dal \tDirettivo  firmati dal Presidente e depositati presso la sede del \tComitato entro il mese di aprile di ciascun anno.<\/li>\n<li>Nel bilancio debbono \tessere indicati i beni, i contributi ed i lasciti ricevuti e\/o \tdismessi nel corso dell\u2019anno sociale di riferimento.<\/li>\n<li>I bilanci consuntivo \te preventivo devono essere sottoposti all\u2019Assemblea per la loro \tapprovazione entro il 31 maggio di ciascun anno. Copia dei bilanci \tverr\u00e0 inviata a tutti gli Aderenti contestualmente alla \tconvocazione dell\u2019Assemblea  che dovr\u00e0 approvarli<\/li>\n<li>Gli eventuali utili \to avanzi di gestione dovranno essere impiegati esclusivamente per la \trealizzazione delle attivit\u00e0 di cui all\u2019art. 3.<\/li>\n<\/ol>\n<p>Art. 8<\/p>\n<p>Responsabilit\u00e0 ed assicurazione<\/p>\n<ol>\n<li><span style=\"font-size: small;\">Il Comitato risponde solo degli impegni \tcontratti a suo nome dagli organi statutari competenti.<\/span><\/li>\n<li>I membri del \tComitato che svolgono attivit\u00e0 di volontariato sono assicurati \tdalle rispettive Associazioni scout aderenti per l\u2019infortunio e \tper la responsabilit\u00e0 civile verso i terzi.<\/li>\n<li>Il Comitato \trisponde, con i propri beni, dei danni causati per l\u2019inosservanza \tdelle convenzioni o dei contratti stipulati.<\/li>\n<li>Il Comitato, previa \tdelibera del Direttivo, pu\u00f2 assicurarsi per i danni derivanti da \tresponsabilit\u00e0 contrattuale ed extracontrattuale \tdell\u2019organizzazione stessa.<\/li>\n<\/ol>\n<p>Art. 9<\/p>\n<p>Doveri degli Aderenti, dei componenti del Direttivo e dei Collaboratori<\/p>\n<ol>\n<li>Per dare concreto \tsostegno al perseguimento degli scopi del Comitato di cui all\u2019art. \t2, ciascun Aderente deve nominare uno o pi\u00f9 persone facenti parte \tdella rispettiva struttura associativa (denominate di seguito \tCollaboratori) i quali opereranno fattivamente in sinergia con il \tDirettivo e dietro le sue indicazioni.<\/li>\n<li>I componenti del \tDirettivo e i Collaboratori devono prestare la loro funzione \toperativa a favore del Comitato senza fini di lucro.<\/li>\n<li>Essi hanno l\u2019obbligo \tdi svolgere tutte le attivit\u00e0 concordate in modo conforme agli \tscopi del Comitato.<\/li>\n<li>Le prestazioni e le \tattivit\u00e0 dei componenti del Direttivo e dei Collaboratori \tnell\u2019ambito del Comitato sono rese con assoluta esclusione di ogni \te qualsiasi forma di rapporto di lavoro subordinato od autonomo ed \togni altro rapporto a contenuto patrimoniale.<\/li>\n<li>Il comportamento dei \tsuddetti soggetti verso gli Aderenti, verso quanti a diverso titolo \tpartecipano alle iniziative proposte dal Comitato e verso terzi deve \tessere improntato all\u2019assoluta correttezza e buona fede, lealt\u00e0 \ted onest\u00e0, anche secondo i principi dello scoutismo.<\/li>\n<li>Gli Aderenti si \timpegnano altres\u00ec, oltre al versamento della quota annuale di \tadesione, a partecipare uniformemente alle ulteriori spese almeno \tper l\u2019importo che sar\u00e0 determinato annualmente dall\u2019Assemblea, \tsu proposta del Direttivo.<\/li>\n<\/ol>\n<p>Art. 10<\/p>\n<p>Diritti degli Aderenti, dei componenti del Direttivo e dei Collaboratori<\/p>\n<ol>\n<li>Tra le Associazioni \tcomponenti il Comitato vige una disciplina uniforme nel rapporto.<\/li>\n<li>Gli Aderenti, hanno \til diritto di informazione e di controllo stabiliti dalle leggi e \tdallo statuto.<\/li>\n<li>Ogni Aderente ha \tdiritto di partecipare alle riunioni, di votare le deliberazioni, di \tesserne eletto nel Direttivo e di eleggerlo. Tali diritti possono \tesser esercitati dal membro solo se l\u2019Aderente \u00e8 in regola con il \tpagamento della quota associativa per l\u2019anno sociale in corso.<\/li>\n<li>I componenti del \tDirettivo e i Collaboratori hanno diritto ad essere rimborsati delle \tspese effettivamente sostenute per l\u2019attivit\u00e0 prestata, secondo \tle modalit\u00e0 ed i limiti stabiliti dai regolamenti interni del \tComitato,<\/li>\n<\/ol>\n<p>Art. 11<\/p>\n<p>Recesso ed esclusione<\/p>\n<ol>\n<li>La qualit\u00e0 di \tAderente si perde per cessazione totale delle attivit\u00e0 scout \tnell\u2019intero territorio provinciale di Trieste, dimissioni o \tesclusione.<\/li>\n<li>Ciascun Aderente pu\u00f2 \tin qualsiasi momento recedere dal Comitato dando opportuna \tcomunicazione scritta..<\/li>\n<li>L\u2019Aderente che \tcontravvenga ai doveri indicati dal presente statuto, non ottemperi \talle disposizioni regolamentari e\/o alle deliberazioni del Direttivo \toppure svolga attivit\u00e0 in contrasto e\/o in concorrenza con esso, \tpu\u00f2 essere escluso dal Comitato stesso con deliberazione motivata \tdell\u2019Assemblea.<\/li>\n<li>Il recesso  o \tl\u2019espulsione dell\u2019Aderente dal comitato comporta l\u2019automatica \tdecadenza dalle cariche elettive e dagli incarichi dei propri soci.<\/li>\n<li>Il provvedimento di \tcui al precedente punto 4. si applica anche se l\u2019aderente non ha \tversato la quota sociale annuale nei termini previsti dal presente \tstatuto.<\/li>\n<li>Qualora un membro \teletto del Direttivo abbandoni, per qualunque ragione l\u2019associazione \tdi appartenenza, decade automaticamente dalla carica ricoperta nel \tDirettivo stesso.<\/li>\n<\/ol>\n<p><span style=\"font-size: small;\">Art. 12<\/span><\/p>\n<p><span style=\"font-size: small;\">Regolamenti interni<\/span><\/p>\n<p><span style=\"font-size: small;\">Particolari norme di funzionamento e di esecuzione del presente statuto potranno essere eventualmente disposte con regolamenti interni, da elaborarsi a cura del Direttivo e sottoposti al voto assembleare.<\/span><\/p>\n<p>Art. 13<\/p>\n<p>Controversie<\/p>\n<p>Qualsiasi controversia che dovesse insorgere all\u2019interno del Comitato tra gli Aderenti tra i componenti del Direttivo o i Collaboratori , se non diversamente risolvibile sar\u00e0 sottoposta al giudizio dell\u2019assemblea che prender\u00e0 le sue determinazioni con voto a scrutinio segreto.<\/p>\n<p>Art. 14<\/p>\n<p>Scioglimento<\/p>\n<ol>\n<li>Il Comitato si \testingue per delibera dell\u2019Assemblea degli Aderenti, con le \tmodalit\u00e0 di cui all\u2019articolo 5 del presente Statuto, quando:<\/li>\n<\/ol>\n<ol>\n<li>\n<ol>\n<li>lo scopo non viene \t\traggiunto o diventa impossibile raggiungerlo;<\/li>\n<li>il patrimonio \u00e8 \t\tdivenuto insufficiente rispetto agli scopi.<\/li>\n<\/ol>\n<\/li>\n<li>In caso di \tscioglimento o cessazione dell\u2019attivit\u00e0 del comitato i beni, dopo \tla liquidazione, saranno devoluti ad altre associazioni di \tvolontariato operanti in identico o analogo settore, ovvero ad altra \torganizzazione non lucrativa di utilit\u00e0 sociale o a fini di \tpubblica utilit\u00e0, Gli aderenti al Comitato sono esclusi dal \tbeneficio previsto da questo comma.<\/li>\n<\/ol>\n<p>Art. 15<\/p>\n<p>Rinvio<\/p>\n<p>Per quanto non \u00e8 previsto dal presente statuto, si fa riferimento alle norme di legge, ai regolamenti vigenti ed ai principi generali dell\u2019ordinamento giuridico italiano.<\/p>\n<p>Trieste, 25 marzo 2010.-<\/p>\n<p>Per l\u2019AGESCI: \u2026\u2026\u2026\u2026\u2026\u2026\u2026\u2026\u2026\u2026\u2026\u2026\u2026\u2026\u2026\u2026\u2026\u2026\u2026\u2026\u2026\u2026\u2026\u2026&#8230;<\/p>\n<p>Per l\u2019AMIS: \u2026\u2026\u2026\u2026\u2026\u2026\u2026\u2026\u2026\u2026\u2026\u2026\u2026\u2026\u2026\u2026\u2026\u2026\u2026\u2026\u2026\u2026\u2026\u2026\u2026\u2026<\/p>\n<p>Per la<span style=\"color: #000000;\"><span style=\"font-size: small;\"> FSE: \u2026\u2026\u2026\u2026\u2026\u2026\u2026\u2026\u2026\u2026\u2026\u2026\u2026\u2026\u2026\u2026\u2026\u2026\u2026\u2026\u2026\u2026\u2026\u2026.\u2026\u2026<\/span><\/span><\/p>\n<p><span style=\"color: #000000;\"><span style=\"font-size: small;\">Per il MASCI: \u2026\u2026\u2026\u2026\u2026\u2026\u2026\u2026\u2026\u2026\u2026\u2026\u2026\u2026\u2026\u2026\u2026\u2026\u2026\u2026\u2026\u2026\u2026\u2026\u2026<\/span><\/span><\/p>\n","protected":false},"excerpt":{"rendered":"<p>Comitato Luce della Pace da Betlemme STATUTO Art. 1 Denominazione &#8211; Sede &#8211; Durata E\u2019 costituita tra le Associazioni e le organizzazioni Scout operanti in Trieste e sottoscriventi l\u2019atto costitutivo [&hellip;]<\/p>\n","protected":false},"author":1,"featured_media":0,"parent":486,"menu_order":1,"comment_status":"closed","ping_status":"open","template":"","meta":{"footnotes":""},"class_list":["post-490","page","type-page","status-publish","hentry"],"_links":{"self":[{"href":"https:\/\/lucedellapace.it\/w\/wp-json\/wp\/v2\/pages\/490","targetHints":{"allow":["GET"]}}],"collection":[{"href":"https:\/\/lucedellapace.it\/w\/wp-json\/wp\/v2\/pages"}],"about":[{"href":"https:\/\/lucedellapace.it\/w\/wp-json\/wp\/v2\/types\/page"}],"author":[{"embeddable":true,"href":"https:\/\/lucedellapace.it\/w\/wp-json\/wp\/v2\/users\/1"}],"replies":[{"embeddable":true,"href":"https:\/\/lucedellapace.it\/w\/wp-json\/wp\/v2\/comments?post=490"}],"version-history":[{"count":3,"href":"https:\/\/lucedellapace.it\/w\/wp-json\/wp\/v2\/pages\/490\/revisions"}],"predecessor-version":[{"id":3474,"href":"https:\/\/lucedellapace.it\/w\/wp-json\/wp\/v2\/pages\/490\/revisions\/3474"}],"up":[{"embeddable":true,"href":"https:\/\/lucedellapace.it\/w\/wp-json\/wp\/v2\/pages\/486"}],"wp:attachment":[{"href":"https:\/\/lucedellapace.it\/w\/wp-json\/wp\/v2\/media?parent=490"}],"curies":[{"name":"wp","href":"https:\/\/api.w.org\/{rel}","templated":true}]}}